{"id":297,"date":"2025-03-17T20:44:39","date_gmt":"2025-03-17T20:44:39","guid":{"rendered":"https:\/\/xiamen.wdl.uat-sports.swisstiming.com\/?page_id=6"},"modified":"2025-04-04T11:57:32","modified_gmt":"2025-04-04T11:57:32","slug":"about","status":"publish","type":"page","link":"https:\/\/rabat.wdl.uat-sports.swisstiming.com\/en\/about\/","title":{"rendered":"About"},"content":{"rendered":"\n<p>Le r\u00e9cent \u00e9v\u00e9nement sportif entre l&#8217;Inde et l&#8217;Australie a \u00e9t\u00e9 une rencontre palpitante qui a mis en lumi\u00e8re l&#8217;esprit comp\u00e9titif des deux \u00e9quipes. Le match, qui s&#8217;est tenu le 22 mars 2023, \u00e9tait le troisi\u00e8me et dernier One Day International (ODI) de la s\u00e9rie. L&#8217;Australie a \u00e9merg\u00e9 victorieuse, battant l&#8217;Inde de 21 points. L&#8217;\u00e9quipe australienne a r\u00e9ussi \u00e0 fixer un objectif difficile, et leurs lanceurs ont excell\u00e9 en limitant l&#8217;Inde \u00e0 248 points en 49.1 overs. Cette victoire a permis \u00e0 l&#8217;Australie de remporter la s\u00e9rie 2-1, d\u00e9montrant leur ma\u00eetrise tant au niveau du b\u00e2ton que du lancer.<\/p>\n","protected":false},"excerpt":{"rendered":"<p>Le r\u00e9cent \u00e9v\u00e9nement sportif entre l&#8217;Inde et l&#8217;Australie a \u00e9t\u00e9 une rencontre...","protected":false},"author":2,"featured_media":0,"parent":0,"menu_order":0,"comment_status":"closed","ping_status":"closed","template":"template-about.blade.php","meta":{"_acf_changed":false,"footnotes":""},"city":[],"class_list":["post-297","page","type-page","status-publish","hentry"],"acf":[],"_links":{"self":[{"href":"https:\/\/rabat.wdl.uat-sports.swisstiming.com\/en\/wp-json\/wp\/v2\/pages\/297","targetHints":{"allow":["GET"]}}],"collection":[{"href":"https:\/\/rabat.wdl.uat-sports.swisstiming.com\/en\/wp-json\/wp\/v2\/pages"}],"about":[{"href":"https:\/\/rabat.wdl.uat-sports.swisstiming.com\/en\/wp-json\/wp\/v2\/types\/page"}],"author":[{"embeddable":true,"href":"https:\/\/rabat.wdl.uat-sports.swisstiming.com\/en\/wp-json\/wp\/v2\/users\/2"}],"replies":[{"embeddable":true,"href":"https:\/\/rabat.wdl.uat-sports.swisstiming.com\/en\/wp-json\/wp\/v2\/comments?post=297"}],"version-history":[{"count":1,"href":"https:\/\/rabat.wdl.uat-sports.swisstiming.com\/en\/wp-json\/wp\/v2\/pages\/297\/revisions"}],"predecessor-version":[{"id":938,"href":"https:\/\/rabat.wdl.uat-sports.swisstiming.com\/en\/wp-json\/wp\/v2\/pages\/297\/revisions\/938"}],"wp:attachment":[{"href":"https:\/\/rabat.wdl.uat-sports.swisstiming.com\/en\/wp-json\/wp\/v2\/media?parent=297"}],"wp:term":[{"taxonomy":"city","embeddable":true,"href":"https:\/\/rabat.wdl.uat-sports.swisstiming.com\/en\/wp-json\/wp\/v2\/city?post=297"}],"curies":[{"name":"wp","href":"https:\/\/api.w.org\/{rel}","templated":true}]}}